{"id":12,"date":"2025-01-22T18:16:18","date_gmt":"2025-01-22T18:16:18","guid":{"rendered":"https:\/\/kevins-services.ch\/?page_id=12"},"modified":"2025-01-24T12:50:06","modified_gmt":"2025-01-24T12:50:06","slug":"autowerkstatt-transporte","status":"publish","type":"page","link":"https:\/\/kevins-services.ch\/?page_id=12","title":{"rendered":"Autowerkstatt &#038; Transporte"},"content":{"rendered":"<p>Wir k\u00fcmmern uns professionell um Ihr Fahrzeug und bieten Ihnen folgende Dienstleistungen:<\/p>\n<p>\u2013 Reparaturen und Service aller Marken<br \/>\n\u2013 MFK-Bereitstellung und Vorf\u00fchrung<br \/>\n\u2013 Fr\u00fchlings- und Wintercheck<br \/>\n\u2013 Klimaservice<br \/>\n\u2013 Reifenservice<br \/>\n\u2013 Batterieservice<br \/>\n\u2013 Lackier- und Spenglerarbeiten<br \/>\n\u2013 Folierung<br \/>\n\u2013 Scheibent\u00f6nung<br \/>\n\u2013 Scheibenwechsel<br \/>\n\u2013 Reinigung und Pflege (innen und aussen)<br \/>\n\u2013 Zubeh\u00f6r und Ersatzteile f\u00fcr s\u00e4mtliche Marken<br \/>\n\u2013 Ersatzfahrzeug<br \/>\n\u2013 Abschlepp- und Pannendienst<br \/>\n\u2013 \u00dcberf\u00fchrung und R\u00fcckf\u00fchrung von Fahrzeugen<br \/>\n\u2013 Autoentsorgung<\/p>\n","protected":false},"excerpt":{"rendered":"<p>Wir k\u00fcmmern uns professionell um Ihr Fahrzeug und bieten Ihnen folgende Dienstleistungen: \u2013 Reparaturen und Service aller Marken \u2013 MFK-Bereitstellung und Vorf\u00fchrung \u2013 Fr\u00fchlings- und Wintercheck \u2013 Klimaservice \u2013 Reifenservice \u2013 Batterieservice \u2013 Lackier- und Spenglerarbeiten \u2013 Folierung \u2013 Scheibent\u00f6nung \u2013 Scheibenwechsel \u2013 Reinigung und Pflege (innen und aussen) \u2013 [&hellip;]<\/p>\n","protected":false},"author":1,"featured_media":150,"parent":6,"menu_order":0,"comment_status":"closed","ping_status":"closed","template":"","meta":{"footnotes":""},"class_list":["post-12","page","type-page","status-publish","has-post-thumbnail","hentry"],"_links":{"self":[{"href":"https:\/\/kevins-services.ch\/index.php?rest_route=\/wp\/v2\/pages\/12","targetHints":{"allow":["GET"]}}],"collection":[{"href":"https:\/\/kevins-services.ch\/index.php?rest_route=\/wp\/v2\/pages"}],"about":[{"href":"https:\/\/kevins-services.ch\/index.php?rest_route=\/wp\/v2\/types\/page"}],"author":[{"embeddable":true,"href":"https:\/\/kevins-services.ch\/index.php?rest_route=\/wp\/v2\/users\/1"}],"replies":[{"embeddable":true,"href":"https:\/\/kevins-services.ch\/index.php?rest_route=%2Fwp%2Fv2%2Fcomments&post=12"}],"version-history":[{"count":5,"href":"https:\/\/kevins-services.ch\/index.php?rest_route=\/wp\/v2\/pages\/12\/revisions"}],"predecessor-version":[{"id":188,"href":"https:\/\/kevins-services.ch\/index.php?rest_route=\/wp\/v2\/pages\/12\/revisions\/188"}],"up":[{"embeddable":true,"href":"https:\/\/kevins-services.ch\/index.php?rest_route=\/wp\/v2\/pages\/6"}],"wp:featuredmedia":[{"embeddable":true,"href":"https:\/\/kevins-services.ch\/index.php?rest_route=\/wp\/v2\/media\/150"}],"wp:attachment":[{"href":"https:\/\/kevins-services.ch\/index.php?rest_route=%2Fwp%2Fv2%2Fmedia&parent=12"}],"curies":[{"name":"wp","href":"https:\/\/api.w.org\/{rel}","templated":true}]}}