{"id":19,"date":"2025-01-22T18:17:06","date_gmt":"2025-01-22T18:17:06","guid":{"rendered":"https:\/\/kevins-services.ch\/?page_id=19"},"modified":"2025-10-30T07:25:02","modified_gmt":"2025-10-30T07:25:02","slug":"ueber-uns","status":"publish","type":"page","link":"https:\/\/kevins-services.ch\/?page_id=19","title":{"rendered":"\u00dcber uns"},"content":{"rendered":"<p>Ich bin Kevin Mitrov, Gr\u00fcnder und Inhaber von \u00abKevin\u2019s Services\u00bb. Geboren und aufgewachsen bin ich im sch\u00f6nen Th\u00f6rishaus (Kanton Bern) und bin seit Kindesbeinen an fasziniert von Fahrzeugen und Mechanik. Bereits in jungen Jahren habe ich viel Zeit in der Werkstatt meines Vaters verbracht und mir erste Kenntnisse erworben. Heute kann ich auf mehr als 15 Jahre Erfahrung im Bereich Automobil und mehr als 10 Jahre Erfahrung im Bereich Malerei\/Gipserei zur\u00fcckblicken.<\/p>\n<p>Die Firma wurde urspr\u00fcnglich als Autowerkstatt und f\u00fcr Transporte gegr\u00fcndet. Auf Grund starker Nachfrage in den Gebieten Malerei\/Gipserei sowie R\u00e4umungen, habe ich die Gesch\u00e4ftsbereiche erweitert. Dies erlaubt es mir, Ihnen einen qualitativ hochstehenden Service in den Bereichen Automobil und Immobilien bieten zu k\u00f6nnen. Mein Augenmerk liegt dabei insbesondere auf Qualit\u00e4t, Pr\u00e4zision, Kundenzufriedenheit und Transparenz. Denn diese Punkte bilden die W\u00e4hrung f\u00fcr Vertrauen. Rufen Sie mich an oder besuchen Sie mich am Standort in Inkwil, damit wir gemeinsam eine vertrauensvolle Gesch\u00e4ftsbeziehung aufbauen k\u00f6nnen.<\/p>\n<p>Ich freue mich auf Sie!<br \/>\nIhr Kevin Mitrov<\/p>\n","protected":false},"excerpt":{"rendered":"<p>Ich bin Kevin Mitrov, Gr\u00fcnder und Inhaber von \u00abKevin\u2019s Services\u00bb. Geboren und aufgewachsen bin ich im sch\u00f6nen Th\u00f6rishaus (Kanton Bern) und bin seit Kindesbeinen an fasziniert von Fahrzeugen und Mechanik. Bereits in jungen Jahren habe ich viel Zeit in der Werkstatt meines Vaters verbracht und mir erste Kenntnisse erworben. Heute [&hellip;]<\/p>\n","protected":false},"author":1,"featured_media":216,"parent":6,"menu_order":0,"comment_status":"closed","ping_status":"closed","template":"","meta":{"footnotes":""},"class_list":["post-19","page","type-page","status-publish","has-post-thumbnail","hentry"],"_links":{"self":[{"href":"https:\/\/kevins-services.ch\/index.php?rest_route=\/wp\/v2\/pages\/19","targetHints":{"allow":["GET"]}}],"collection":[{"href":"https:\/\/kevins-services.ch\/index.php?rest_route=\/wp\/v2\/pages"}],"about":[{"href":"https:\/\/kevins-services.ch\/index.php?rest_route=\/wp\/v2\/types\/page"}],"author":[{"embeddable":true,"href":"https:\/\/kevins-services.ch\/index.php?rest_route=\/wp\/v2\/users\/1"}],"replies":[{"embeddable":true,"href":"https:\/\/kevins-services.ch\/index.php?rest_route=%2Fwp%2Fv2%2Fcomments&post=19"}],"version-history":[{"count":9,"href":"https:\/\/kevins-services.ch\/index.php?rest_route=\/wp\/v2\/pages\/19\/revisions"}],"predecessor-version":[{"id":229,"href":"https:\/\/kevins-services.ch\/index.php?rest_route=\/wp\/v2\/pages\/19\/revisions\/229"}],"up":[{"embeddable":true,"href":"https:\/\/kevins-services.ch\/index.php?rest_route=\/wp\/v2\/pages\/6"}],"wp:featuredmedia":[{"embeddable":true,"href":"https:\/\/kevins-services.ch\/index.php?rest_route=\/wp\/v2\/media\/216"}],"wp:attachment":[{"href":"https:\/\/kevins-services.ch\/index.php?rest_route=%2Fwp%2Fv2%2Fmedia&parent=19"}],"curies":[{"name":"wp","href":"https:\/\/api.w.org\/{rel}","templated":true}]}}